{"id":1310,"date":"2023-09-22T14:29:08","date_gmt":"2023-09-22T11:29:08","guid":{"rendered":"https:\/\/www.gifmuhendislik.com\/?page_id=1310"},"modified":"2023-09-22T16:13:49","modified_gmt":"2023-09-22T13:13:49","slug":"blog-2","status":"publish","type":"page","link":"https:\/\/www.gifmuhendislik.com\/en\/blog-2\/","title":{"rendered":"BLOG"},"content":{"rendered":"<p>[vc_row][vc_column width=&#8221;1\/4&#8243;][vc_single_image image=&#8221;1343&#8243; img_size=&#8221;full&#8221; onclick=&#8221;custom_link&#8221; title=&#8221;DI\u015e CEPHE R\u00d6L\u00d6VE \u00d6L\u00c7\u00dcM\u00dc NASIL YAPILIR ?&#8221; link=&#8221;https:\/\/www.gifmuhendislik.com\/dis-cephe-rolove-olcumu-nasil-yapilir&#8221;][\/vc_column][vc_column width=&#8221;1\/4&#8243;][vc_single_image image=&#8221;1298&#8243; img_size=&#8221;full&#8221; onclick=&#8221;custom_link&#8221; title=&#8221;DI\u015e CEPHE R\u00d6L\u00d6VE \u00d6L\u00c7\u00dcM\u00dc \u00d6NEM\u0130 NED\u0130R ?&#8221; link=&#8221;http:\/\/www.gifmuhendislik.com\/dis-cephe-rolove-olcumunun-onemi\/&#8221;][\/vc_column][vc_column width=&#8221;1\/4&#8243;][vc_single_image image=&#8221;1336&#8243; img_size=&#8221;medium&#8221; onclick=&#8221;custom_link&#8221; title=&#8221;R\u00d6L\u00d6VE H\u0130ZMETLER\u0130N\u0130N AVANTAJLARI NELERD\u0130R ?&#8221; link=&#8221;http:\/\/www.gifmuhendislik.com\/rolove-hizmetlerinin-avantajlari\/&#8221;][\/vc_column][vc_column width=&#8221;1\/4&#8243;][vc_single_image image=&#8221;1340&#8243; img_size=&#8221;full&#8221; onclick=&#8221;custom_link&#8221; title=&#8221;DI\u015e CEPHE R\u00d6L\u00d6VE \u00d6L\u00c7\u00dcM\u00dcNDE TEKNOLOJ\u0130 VE \u0130NOVASYON NED\u0130R?&#8221; link=&#8221;http:\/\/www.gifmuhendislik.com\/dis-cephe-rolove-olcumunde-teknoloji-ve-inovasyon\/&#8221;][\/vc_column][vc_column][\/vc_column][\/vc_row][vc_row][vc_column][\/vc_column][\/vc_row][vc_row][vc_column width=&#8221;1\/3&#8243;][\/vc_column][\/vc_row]<\/p>\n","protected":false},"excerpt":{"rendered":"<p>[vc_row][vc_column width=&#8221;1\/4&#8243;][vc_single_image image=&#8221;1343&#8243; img_size=&#8221;full&#8221; onclick=&#8221;custom_link&#8221; title=&#8221;DI\u015e CEPHE R\u00d6L\u00d6VE \u00d6L\u00c7\u00dcM\u00dc NASIL YAPILIR ?&#8221; link=&#8221;https:\/\/www.gifmuhendislik.com\/dis-cephe-rolove-olcumu-nasil-yapilir&#8221;][\/vc_column][vc_column width=&#8221;1\/4&#8243;][vc_single_image image=&#8221;1298&#8243; img_size=&#8221;full&#8221; onclick=&#8221;custom_link&#8221; title=&#8221;DI\u015e CEPHE R\u00d6L\u00d6VE \u00d6L\u00c7\u00dcM\u00dc \u00d6NEM\u0130 NED\u0130R ?&#8221; link=&#8221;http:\/\/www.gifmuhendislik.com\/dis-cephe-rolove-olcumunun-onemi\/&#8221;][\/vc_column][vc_column width=&#8221;1\/4&#8243;][vc_single_image image=&#8221;1336&#8243; img_size=&#8221;medium&#8221; onclick=&#8221;custom_link&#8221; title=&#8221;R\u00d6L\u00d6VE H\u0130ZMETLER\u0130N\u0130N AVANTAJLARI NELERD\u0130R ?&#8221; link=&#8221;http:\/\/www.gifmuhendislik.com\/rolove-hizmetlerinin-avantajlari\/&#8221;][\/vc_column][vc_column width=&#8221;1\/4&#8243;][vc_single_image image=&#8221;1340&#8243; img_size=&#8221;full&#8221; onclick=&#8221;custom_link&#8221; title=&#8221;DI\u015e&#8230;<\/p>\n","protected":false},"author":1,"featured_media":0,"parent":0,"menu_order":0,"comment_status":"closed","ping_status":"closed","template":"","meta":{"footnotes":""},"class_list":["post-1310","page","type-page","status-publish","hentry"],"_links":{"self":[{"href":"https:\/\/www.gifmuhendislik.com\/en\/wp-json\/wp\/v2\/pages\/1310","targetHints":{"allow":["GET"]}}],"collection":[{"href":"https:\/\/www.gifmuhendislik.com\/en\/wp-json\/wp\/v2\/pages"}],"about":[{"href":"https:\/\/www.gifmuhendislik.com\/en\/wp-json\/wp\/v2\/types\/page"}],"author":[{"embeddable":true,"href":"https:\/\/www.gifmuhendislik.com\/en\/wp-json\/wp\/v2\/users\/1"}],"replies":[{"embeddable":true,"href":"https:\/\/www.gifmuhendislik.com\/en\/wp-json\/wp\/v2\/comments?post=1310"}],"version-history":[{"count":6,"href":"https:\/\/www.gifmuhendislik.com\/en\/wp-json\/wp\/v2\/pages\/1310\/revisions"}],"predecessor-version":[{"id":1344,"href":"https:\/\/www.gifmuhendislik.com\/en\/wp-json\/wp\/v2\/pages\/1310\/revisions\/1344"}],"wp:attachment":[{"href":"https:\/\/www.gifmuhendislik.com\/en\/wp-json\/wp\/v2\/media?parent=1310"}],"curies":[{"name":"wp","href":"https:\/\/api.w.org\/{rel}","templated":true}]}}